{"id":348,"date":"2025-12-18T14:58:00","date_gmt":"2025-12-18T13:58:00","guid":{"rendered":"https:\/\/expert-nieruchomosci.eu\/?page_id=348"},"modified":"2025-12-19T09:23:44","modified_gmt":"2025-12-19T08:23:44","slug":"kontakt","status":"publish","type":"page","link":"https:\/\/expert-nieruchomosci.eu\/index.php\/kontakt\/","title":{"rendered":"Kontakt"},"content":{"rendered":"\t\t<div data-elementor-type=\"wp-page\" data-elementor-id=\"348\" class=\"elementor elementor-348\">\n\t\t\t\t<div class=\"elementor-element elementor-element-568b2895 e-flex e-con-boxed wpr-particle-no wpr-jarallax-no wpr-parallax-no wpr-sticky-section-no e-con e-parent\" data-id=\"568b2895\" data-element_type=\"container\">\n\t\t\t\t\t<div class=\"e-con-inner\">\n\t\t\t\t<div class=\"elementor-element elementor-element-6b90bc7f elementor-widget__width-initial elementor-widget elementor-widget-image\" data-id=\"6b90bc7f\" data-element_type=\"widget\" data-widget_type=\"image.default\">\n\t\t\t\t<div class=\"elementor-widget-container\">\n\t\t\t\t\t\t\t\t\t\t\t\t\t\t\t<img fetchpriority=\"high\" decoding=\"async\" width=\"800\" height=\"409\" src=\"https:\/\/expert-nieruchomosci.eu\/wp-content\/uploads\/2025\/12\/expert-logo-bez-tla.png\" class=\"attachment-large size-large wp-image-319\" alt=\"\" srcset=\"https:\/\/expert-nieruchomosci.eu\/wp-content\/uploads\/2025\/12\/expert-logo-bez-tla.png 1024w, https:\/\/expert-nieruchomosci.eu\/wp-content\/uploads\/2025\/12\/expert-logo-bez-tla-200x102.png 200w\" sizes=\"(max-width: 800px) 100vw, 800px\" \/>\t\t\t\t\t\t\t\t\t\t\t\t\t\t\t<\/div>\n\t\t\t\t<\/div>\n\t\t<div class=\"elementor-element elementor-element-383b9f19 e-con-full e-flex wpr-particle-no wpr-jarallax-no wpr-parallax-no wpr-sticky-section-no e-con e-child\" data-id=\"383b9f19\" data-element_type=\"container\">\n\t\t\t\t<div class=\"elementor-element elementor-element-1bcc0acd wpr-main-menu-align--tabletright wpr-nav-menu-bp-tablet wpr-main-menu-align-left wpr-main-menu-align--mobileleft wpr-pointer-underline wpr-pointer-line-fx wpr-pointer-fx-fade wpr-sub-icon-caret-down wpr-sub-menu-fx-fade wpr-mobile-menu-full-width wpr-mobile-menu-item-align-center wpr-mobile-toggle-v1 wpr-sub-divider-yes wpr-mobile-divider-yes elementor-widget elementor-widget-wpr-nav-menu\" data-id=\"1bcc0acd\" data-element_type=\"widget\" data-settings=\"{&quot;menu_layout&quot;:&quot;horizontal&quot;}\" data-widget_type=\"wpr-nav-menu.default\">\n\t\t\t\t<div class=\"elementor-widget-container\">\n\t\t\t\t\t<nav class=\"wpr-nav-menu-container wpr-nav-menu-horizontal\" data-trigger=\"hover\" data-consider-header=\"\" data-scroll-speed=\"500\"><ul id=\"menu-1-1bcc0acd\" class=\"wpr-nav-menu\"><li class=\"menu-item menu-item-type-post_type menu-item-object-page menu-item-home menu-item-354\"><a href=\"https:\/\/expert-nieruchomosci.eu\/\" class=\"wpr-menu-item wpr-pointer-item\">STRONA G\u0141\u00d3WNA<\/a><\/li>\n<li class=\"menu-item menu-item-type-post_type menu-item-object-page menu-item-353\"><a href=\"https:\/\/expert-nieruchomosci.eu\/index.php\/o-nas\/\" class=\"wpr-menu-item wpr-pointer-item\">O NAS<\/a><\/li>\n<li class=\"menu-item menu-item-type-post_type menu-item-object-page menu-item-352\"><a href=\"https:\/\/expert-nieruchomosci.eu\/index.php\/zarzadzanie-nieruchomosciami\/\" class=\"wpr-menu-item wpr-pointer-item\">ZARZ\u0104DZANIE NIERUCHOMO\u015aCIAMI<\/a><\/li>\n<li class=\"menu-item menu-item-type-post_type menu-item-object-page menu-item-351\"><a href=\"https:\/\/expert-nieruchomosci.eu\/index.php\/administracja-nieruchomosci\/\" class=\"wpr-menu-item wpr-pointer-item\">ADMINISTRACJA NIERUCHOMO\u015aCI<\/a><\/li>\n<li class=\"menu-item menu-item-type-post_type menu-item-object-page menu-item-350\"><a href=\"https:\/\/expert-nieruchomosci.eu\/index.php\/kontakt\/\" class=\"wpr-menu-item wpr-pointer-item\">KONTAKT<\/a><\/li>\n<\/ul><\/nav><nav class=\"wpr-mobile-nav-menu-container\"><div class=\"wpr-mobile-toggle-wrap\"><div class=\"wpr-mobile-toggle\"><span class=\"wpr-mobile-toggle-line\"><\/span><span class=\"wpr-mobile-toggle-line\"><\/span><span class=\"wpr-mobile-toggle-line\"><\/span><\/div><\/div><ul id=\"mobile-menu-2-1bcc0acd\" class=\"wpr-mobile-nav-menu\"><li class=\"menu-item menu-item-type-post_type menu-item-object-page menu-item-home menu-item-354\"><a href=\"https:\/\/expert-nieruchomosci.eu\/\" class=\"wpr-mobile-menu-item\">STRONA G\u0141\u00d3WNA<\/a><\/li>\n<li class=\"menu-item menu-item-type-post_type menu-item-object-page menu-item-353\"><a href=\"https:\/\/expert-nieruchomosci.eu\/index.php\/o-nas\/\" class=\"wpr-mobile-menu-item\">O NAS<\/a><\/li>\n<li class=\"menu-item menu-item-type-post_type menu-item-object-page menu-item-352\"><a href=\"https:\/\/expert-nieruchomosci.eu\/index.php\/zarzadzanie-nieruchomosciami\/\" class=\"wpr-mobile-menu-item\">ZARZ\u0104DZANIE NIERUCHOMO\u015aCIAMI<\/a><\/li>\n<li class=\"menu-item menu-item-type-post_type menu-item-object-page menu-item-351\"><a href=\"https:\/\/expert-nieruchomosci.eu\/index.php\/administracja-nieruchomosci\/\" class=\"wpr-mobile-menu-item\">ADMINISTRACJA NIERUCHOMO\u015aCI<\/a><\/li>\n<li class=\"menu-item menu-item-type-post_type menu-item-object-page menu-item-350\"><a href=\"https:\/\/expert-nieruchomosci.eu\/index.php\/kontakt\/\" class=\"wpr-mobile-menu-item\">KONTAKT<\/a><\/li>\n<\/ul><\/nav>\t\t\t\t<\/div>\n\t\t\t\t<\/div>\n\t\t\t\t<\/div>\n\t\t\t\t\t<\/div>\n\t\t\t\t<\/div>\n\t\t<div class=\"elementor-element elementor-element-f85c07a e-flex e-con-boxed wpr-particle-no wpr-jarallax-no wpr-parallax-no wpr-sticky-section-no e-con e-parent\" data-id=\"f85c07a\" data-element_type=\"container\" data-settings=\"{&quot;background_background&quot;:&quot;classic&quot;}\">\n\t\t\t\t\t<div class=\"e-con-inner\">\n\t\t\t\t<div class=\"elementor-element elementor-element-6ccb4a3 elementor-widget elementor-widget-heading\" data-id=\"6ccb4a3\" data-element_type=\"widget\" data-widget_type=\"heading.default\">\n\t\t\t\t<div class=\"elementor-widget-container\">\n\t\t\t\t\t<h1 class=\"elementor-heading-title elementor-size-default\">KONTAKT<\/h1>\t\t\t\t<\/div>\n\t\t\t\t<\/div>\n\t\t\t\t<div class=\"elementor-element elementor-element-3f075803 elementor-widget-divider--view-line elementor-widget elementor-widget-divider\" data-id=\"3f075803\" data-element_type=\"widget\" data-widget_type=\"divider.default\">\n\t\t\t\t<div class=\"elementor-widget-container\">\n\t\t\t\t\t\t\t<div class=\"elementor-divider\">\n\t\t\t<span class=\"elementor-divider-separator\">\n\t\t\t\t\t\t<\/span>\n\t\t<\/div>\n\t\t\t\t\t\t<\/div>\n\t\t\t\t<\/div>\n\t\t\t\t\t<\/div>\n\t\t\t\t<\/div>\n\t\t<div class=\"elementor-element elementor-element-4e6c3a3f e-flex e-con-boxed wpr-particle-no wpr-jarallax-no wpr-parallax-no wpr-sticky-section-no e-con e-parent\" data-id=\"4e6c3a3f\" data-element_type=\"container\">\n\t\t\t\t\t<div class=\"e-con-inner\">\n\t\t<div class=\"elementor-element elementor-element-55e0a6c2 e-con-full e-flex wpr-particle-no wpr-jarallax-no wpr-parallax-no wpr-sticky-section-no elementor-invisible e-con e-child\" data-id=\"55e0a6c2\" data-element_type=\"container\" data-settings=\"{&quot;animation&quot;:&quot;fadeIn&quot;}\">\n\t\t\t\t<div class=\"elementor-element elementor-element-465567f6 elementor-widget elementor-widget-heading\" data-id=\"465567f6\" data-element_type=\"widget\" data-widget_type=\"heading.default\">\n\t\t\t\t<div class=\"elementor-widget-container\">\n\t\t\t\t\t<h2 class=\"elementor-heading-title elementor-size-default\">Zadzwo\u0144 lub napisz \u2013 dowiedz si\u0119 wi\u0119cej o administrowaniu budynkami<\/h2>\t\t\t\t<\/div>\n\t\t\t\t<\/div>\n\t\t\t\t<div class=\"elementor-element elementor-element-2d5007f9 elementor-view-stacked elementor-position-left elementor-shape-circle elementor-mobile-position-top elementor-widget elementor-widget-icon-box\" data-id=\"2d5007f9\" data-element_type=\"widget\" data-widget_type=\"icon-box.default\">\n\t\t\t\t<div class=\"elementor-widget-container\">\n\t\t\t\t\t\t\t<div class=\"elementor-icon-box-wrapper\">\n\n\t\t\t\t\t\t<div class=\"elementor-icon-box-icon\">\n\t\t\t\t<span  class=\"elementor-icon\">\n\t\t\t\t<i aria-hidden=\"true\" class=\"fas fa-user-circle\"><\/i>\t\t\t\t<\/span>\n\t\t\t<\/div>\n\t\t\t\n\t\t\t\t\t\t<div class=\"elementor-icon-box-content\">\n\n\t\t\t\t\t\t\t\t\t<h3 class=\"elementor-icon-box-title\">\n\t\t\t\t\t\t<span  >\n\t\t\t\t\t\t\tDane kontaktowe\t\t\t\t\t\t<\/span>\n\t\t\t\t\t<\/h3>\n\t\t\t\t\n\t\t\t\t\n\t\t\t<\/div>\n\t\t\t\n\t\t<\/div>\n\t\t\t\t\t\t<\/div>\n\t\t\t\t<\/div>\n\t\t\t\t<div class=\"elementor-element elementor-element-41fe8420 elementor-icon-list--layout-traditional elementor-list-item-link-full_width elementor-widget elementor-widget-icon-list\" data-id=\"41fe8420\" data-element_type=\"widget\" data-widget_type=\"icon-list.default\">\n\t\t\t\t<div class=\"elementor-widget-container\">\n\t\t\t\t\t\t\t<ul class=\"elementor-icon-list-items\">\n\t\t\t\t\t\t\t<li class=\"elementor-icon-list-item\">\n\t\t\t\t\t\t\t\t\t\t\t<span class=\"elementor-icon-list-icon\">\n\t\t\t\t\t\t\t<i aria-hidden=\"true\" class=\"fas fa-map-pin\"><\/i>\t\t\t\t\t\t<\/span>\n\t\t\t\t\t\t\t\t\t\t<span class=\"elementor-icon-list-text\">Adres: 44-200 Rybnik, ul. Zamkowa 6\/3<\/span>\n\t\t\t\t\t\t\t\t\t<\/li>\n\t\t\t\t\t\t\t\t<li class=\"elementor-icon-list-item\">\n\t\t\t\t\t\t\t\t\t\t\t<span class=\"elementor-icon-list-icon\">\n\t\t\t\t\t\t\t<i aria-hidden=\"true\" class=\"fas fa-phone-alt\"><\/i>\t\t\t\t\t\t<\/span>\n\t\t\t\t\t\t\t\t\t\t<span class=\"elementor-icon-list-text\">Numer tel.: 32 724 85 83, +48 606 263 389<\/span>\n\t\t\t\t\t\t\t\t\t<\/li>\n\t\t\t\t\t\t\t\t<li class=\"elementor-icon-list-item\">\n\t\t\t\t\t\t\t\t\t\t\t<span class=\"elementor-icon-list-icon\">\n\t\t\t\t\t\t\t<i aria-hidden=\"true\" class=\"fas fa-envelope\"><\/i>\t\t\t\t\t\t<\/span>\n\t\t\t\t\t\t\t\t\t\t<span class=\"elementor-icon-list-text\">Adres e-mail: expert@expert-nieruchomosci.eu<\/span>\n\t\t\t\t\t\t\t\t\t<\/li>\n\t\t\t\t\t\t<\/ul>\n\t\t\t\t\t\t<\/div>\n\t\t\t\t<\/div>\n\t\t\t\t<div class=\"elementor-element elementor-element-316d36ef elementor-view-stacked elementor-position-left elementor-shape-circle elementor-mobile-position-top elementor-widget elementor-widget-icon-box\" data-id=\"316d36ef\" data-element_type=\"widget\" data-widget_type=\"icon-box.default\">\n\t\t\t\t<div class=\"elementor-widget-container\">\n\t\t\t\t\t\t\t<div class=\"elementor-icon-box-wrapper\">\n\n\t\t\t\t\t\t<div class=\"elementor-icon-box-icon\">\n\t\t\t\t<span  class=\"elementor-icon\">\n\t\t\t\t<i aria-hidden=\"true\" class=\"far fa-clock\"><\/i>\t\t\t\t<\/span>\n\t\t\t<\/div>\n\t\t\t\n\t\t\t\t\t\t<div class=\"elementor-icon-box-content\">\n\n\t\t\t\t\t\t\t\t\t<h3 class=\"elementor-icon-box-title\">\n\t\t\t\t\t\t<span  >\n\t\t\t\t\t\t\tGodziny pracy\t\t\t\t\t\t<\/span>\n\t\t\t\t\t<\/h3>\n\t\t\t\t\n\t\t\t\t\n\t\t\t<\/div>\n\t\t\t\n\t\t<\/div>\n\t\t\t\t\t\t<\/div>\n\t\t\t\t<\/div>\n\t\t\t\t<div class=\"elementor-element elementor-element-e6d0825 elementor-widget elementor-widget-text-editor\" data-id=\"e6d0825\" data-element_type=\"widget\" data-widget_type=\"text-editor.default\">\n\t\t\t\t<div class=\"elementor-widget-container\">\n\t\t\t\t\t\t\t\t\t<p>Poniedzia\u0142ek &#8211; pi\u0105tek: 9:00 &#8211; 16:30<br \/>Sobota &#8211; niedziela: Zamkni\u0119te<\/p>\t\t\t\t\t\t\t\t<\/div>\n\t\t\t\t<\/div>\n\t\t\t\t<div class=\"elementor-element elementor-element-9639beb elementor-view-stacked elementor-position-left elementor-shape-circle elementor-mobile-position-top elementor-widget elementor-widget-icon-box\" data-id=\"9639beb\" data-element_type=\"widget\" data-widget_type=\"icon-box.default\">\n\t\t\t\t<div class=\"elementor-widget-container\">\n\t\t\t\t\t\t\t<div class=\"elementor-icon-box-wrapper\">\n\n\t\t\t\t\t\t<div class=\"elementor-icon-box-icon\">\n\t\t\t\t<span  class=\"elementor-icon\">\n\t\t\t\t<i aria-hidden=\"true\" class=\"fas fa-phone-alt\"><\/i>\t\t\t\t<\/span>\n\t\t\t<\/div>\n\t\t\t\n\t\t\t\t\t\t<div class=\"elementor-icon-box-content\">\n\n\t\t\t\t\t\t\t\t\t<h3 class=\"elementor-icon-box-title\">\n\t\t\t\t\t\t<span  >\n\t\t\t\t\t\t\tDane firmy\t\t\t\t\t\t<\/span>\n\t\t\t\t\t<\/h3>\n\t\t\t\t\n\t\t\t\t\n\t\t\t<\/div>\n\t\t\t\n\t\t<\/div>\n\t\t\t\t\t\t<\/div>\n\t\t\t\t<\/div>\n\t\t\t\t<div class=\"elementor-element elementor-element-548b3ffd elementor-widget elementor-widget-text-editor\" data-id=\"548b3ffd\" data-element_type=\"widget\" data-widget_type=\"text-editor.default\">\n\t\t\t\t<div class=\"elementor-widget-container\">\n\t\t\t\t\t\t\t\t\t<p>Expert Nieruchomo\u015bci Ma\u0142gorzata Sobczak<br \/>NIP: 6421740499<br \/>REAGON: 241297105<\/p>\t\t\t\t\t\t\t\t<\/div>\n\t\t\t\t<\/div>\n\t\t\t\t<\/div>\n\t\t\t\t\t<\/div>\n\t\t\t\t<\/div>\n\t\t<div class=\"elementor-element elementor-element-27151286 e-flex e-con-boxed wpr-particle-no wpr-jarallax-no wpr-parallax-no wpr-sticky-section-no e-con e-parent\" data-id=\"27151286\" data-element_type=\"container\">\n\t\t\t\t\t<div class=\"e-con-inner\">\n\t\t\t\t<div class=\"elementor-element elementor-element-78fb07b5 elementor-invisible elementor-widget elementor-widget-google_maps\" data-id=\"78fb07b5\" data-element_type=\"widget\" data-settings=\"{&quot;_animation&quot;:&quot;fadeIn&quot;}\" data-widget_type=\"google_maps.default\">\n\t\t\t\t<div class=\"elementor-widget-container\">\n\t\t\t\t\t\t\t<div class=\"elementor-custom-embed\">\n\t\t\t<iframe loading=\"lazy\"\n\t\t\t\t\tsrc=\"https:\/\/maps.google.com\/maps?q=44-200%20Rybnik%2C%20ul.%20Zamkowa%206%2F3&#038;t=m&#038;z=12&#038;output=embed&#038;iwloc=near\"\n\t\t\t\t\ttitle=\"44-200 Rybnik, ul. Zamkowa 6\/3\"\n\t\t\t\t\taria-label=\"44-200 Rybnik, ul. Zamkowa 6\/3\"\n\t\t\t><\/iframe>\n\t\t<\/div>\n\t\t\t\t\t\t<\/div>\n\t\t\t\t<\/div>\n\t\t\t\t\t<\/div>\n\t\t\t\t<\/div>\n\t\t<div class=\"elementor-element elementor-element-269b94e9 e-flex e-con-boxed wpr-particle-no wpr-jarallax-no wpr-parallax-no wpr-sticky-section-no e-con e-parent\" data-id=\"269b94e9\" data-element_type=\"container\" data-settings=\"{&quot;background_background&quot;:&quot;classic&quot;}\">\n\t\t\t\t\t<div class=\"e-con-inner\">\n\t\t<div class=\"elementor-element elementor-element-74c6abcb e-con-full e-flex wpr-particle-no wpr-jarallax-no wpr-parallax-no wpr-sticky-section-no e-con e-child\" data-id=\"74c6abcb\" data-element_type=\"container\">\n\t\t\t\t<div class=\"elementor-element elementor-element-30f9e565 elementor-widget__width-initial elementor-widget elementor-widget-image\" data-id=\"30f9e565\" data-element_type=\"widget\" data-widget_type=\"image.default\">\n\t\t\t\t<div class=\"elementor-widget-container\">\n\t\t\t\t\t\t\t\t\t\t\t\t\t\t\t<img fetchpriority=\"high\" decoding=\"async\" width=\"800\" height=\"409\" src=\"https:\/\/expert-nieruchomosci.eu\/wp-content\/uploads\/2025\/12\/expert-logo-bez-tla.png\" class=\"attachment-large size-large wp-image-319\" alt=\"\" srcset=\"https:\/\/expert-nieruchomosci.eu\/wp-content\/uploads\/2025\/12\/expert-logo-bez-tla.png 1024w, https:\/\/expert-nieruchomosci.eu\/wp-content\/uploads\/2025\/12\/expert-logo-bez-tla-200x102.png 200w\" sizes=\"(max-width: 800px) 100vw, 800px\" \/>\t\t\t\t\t\t\t\t\t\t\t\t\t\t\t<\/div>\n\t\t\t\t<\/div>\n\t\t\t\t<div class=\"elementor-element elementor-element-4293f5c8 elementor-invisible elementor-widget elementor-widget-text-editor\" data-id=\"4293f5c8\" data-element_type=\"widget\" data-settings=\"{&quot;_animation&quot;:&quot;fadeIn&quot;}\" data-widget_type=\"text-editor.default\">\n\t\t\t\t<div class=\"elementor-widget-container\">\n\t\t\t\t\t\t\t\t\t<p>Expert Nieruchomo\u015bci \u2013 profesjonalna administracja i zarz\u0105dzanie nieruchomo\u015bciami z pe\u0142nym wsparciem dla w\u0142a\u015bcicieli i najemc\u00f3w.<\/p>\t\t\t\t\t\t\t\t<\/div>\n\t\t\t\t<\/div>\n\t\t\t\t<\/div>\n\t\t<div class=\"elementor-element elementor-element-5e830943 e-con-full e-flex wpr-particle-no wpr-jarallax-no wpr-parallax-no wpr-sticky-section-no e-con e-child\" data-id=\"5e830943\" data-element_type=\"container\">\n\t\t\t\t<div class=\"elementor-element elementor-element-2c3109c6 elementor-widget elementor-widget-heading\" data-id=\"2c3109c6\" data-element_type=\"widget\" data-widget_type=\"heading.default\">\n\t\t\t\t<div class=\"elementor-widget-container\">\n\t\t\t\t\t<h4 class=\"elementor-heading-title elementor-size-default\">NA SKR\u00d3TY<\/h4>\t\t\t\t<\/div>\n\t\t\t\t<\/div>\n\t\t\t\t<div class=\"elementor-element elementor-element-061a0f0 wpr-page-list-vertical wpr-pl-badge-center wpr-pl-icon-center elementor-widget elementor-widget-wpr-page-list\" data-id=\"061a0f0\" data-element_type=\"widget\" data-widget_type=\"wpr-page-list.default\">\n\t\t\t\t<div class=\"elementor-widget-container\">\n\t\t\t\t\t<div class=\"wpr-page-list-wrap\"><ul class=\"wpr-page-list\"><li class=\"wpr-page-list-item elementor-repeater-item-87ba673 wpr-pointer-none wpr-pointer-line-fx wpr-pointer-fx-fade\"><div><a  href=\"https:\/\/expert-nieruchomosci.eu\/index.php\/o-nas\/\" target=\"_blank\" rel=\"nofollow\" class=\"wpr-no-pointer wpr-pl-title\">O NAS<\/a><p>Poczytaj o nas<\/p><\/div><\/li><li class=\"wpr-page-list-item elementor-repeater-item-6703213 wpr-pointer-none wpr-pointer-line-fx wpr-pointer-fx-fade\"><div><a  href=\"https:\/\/expert-nieruchomosci.eu\/index.php\/zarzadzanie-nieruchomosciami\/\" target=\"_blank\" rel=\"nofollow\" class=\"wpr-no-pointer wpr-pl-title\">ZARZ\u0104DZANIE NIERUCHOMO\u015aCIAMI<\/a><p>Zobacz jak zarz\u0105dzamy nieruchomo\u015bciami<\/p><\/div><\/li><li class=\"wpr-page-list-item elementor-repeater-item-78615a0 wpr-pointer-none wpr-pointer-line-fx wpr-pointer-fx-fade\"><div><a  href=\"https:\/\/expert-nieruchomosci.eu\/index.php\/administracja-nieruchomosci\/\" target=\"_blank\" rel=\"nofollow\" class=\"wpr-no-pointer wpr-pl-title\">ADMINISTRACJA NIERUCHOMO\u015aCI<\/a><p>Sprawd\u017a nasz\u0105 ofert\u0119 administracji<\/p><\/div><\/li><li class=\"wpr-page-list-item elementor-repeater-item-49ad909 wpr-pointer-none wpr-pointer-line-fx wpr-pointer-fx-fade\"><div><a  href=\"https:\/\/expert-nieruchomosci.eu\/index.php\/kontakt\/\" target=\"_blank\" rel=\"nofollow\" class=\"wpr-no-pointer wpr-pl-title\">KONTAKT<\/a><p>Skontaktuj si\u0119 z nami<\/p><\/div><\/li><\/ul><\/div>\t\t\t\t<\/div>\n\t\t\t\t<\/div>\n\t\t\t\t<\/div>\n\t\t<div class=\"elementor-element elementor-element-5aa1678a e-con-full e-flex wpr-particle-no wpr-jarallax-no wpr-parallax-no wpr-sticky-section-no e-con e-child\" data-id=\"5aa1678a\" data-element_type=\"container\">\n\t\t\t\t<div class=\"elementor-element elementor-element-777968c6 elementor-widget elementor-widget-heading\" data-id=\"777968c6\" data-element_type=\"widget\" data-widget_type=\"heading.default\">\n\t\t\t\t<div class=\"elementor-widget-container\">\n\t\t\t\t\t<h4 class=\"elementor-heading-title elementor-size-default\">KONTAKT<\/h4>\t\t\t\t<\/div>\n\t\t\t\t<\/div>\n\t\t\t\t<div class=\"elementor-element elementor-element-2bd955f2 elementor-icon-list--layout-traditional elementor-list-item-link-full_width elementor-widget elementor-widget-icon-list\" data-id=\"2bd955f2\" data-element_type=\"widget\" data-widget_type=\"icon-list.default\">\n\t\t\t\t<div class=\"elementor-widget-container\">\n\t\t\t\t\t\t\t<ul class=\"elementor-icon-list-items\">\n\t\t\t\t\t\t\t<li class=\"elementor-icon-list-item\">\n\t\t\t\t\t\t\t\t\t\t\t<span class=\"elementor-icon-list-icon\">\n\t\t\t\t\t\t\t<i aria-hidden=\"true\" class=\"fas fa-building\"><\/i>\t\t\t\t\t\t<\/span>\n\t\t\t\t\t\t\t\t\t\t<span class=\"elementor-icon-list-text\">Expert Nieruchomo\u015bci Ma\u0142gorzata Sobczak<\/span>\n\t\t\t\t\t\t\t\t\t<\/li>\n\t\t\t\t\t\t\t\t<li class=\"elementor-icon-list-item\">\n\t\t\t\t\t\t\t\t\t\t\t<span class=\"elementor-icon-list-icon\">\n\t\t\t\t\t\t\t<i aria-hidden=\"true\" class=\"fas fa-map-pin\"><\/i>\t\t\t\t\t\t<\/span>\n\t\t\t\t\t\t\t\t\t\t<span class=\"elementor-icon-list-text\">44-200 Rybnik, ul. Zamkowa 6\/3<\/span>\n\t\t\t\t\t\t\t\t\t<\/li>\n\t\t\t\t\t\t\t\t<li class=\"elementor-icon-list-item\">\n\t\t\t\t\t\t\t\t\t\t\t<span class=\"elementor-icon-list-icon\">\n\t\t\t\t\t\t\t<i aria-hidden=\"true\" class=\"fas fa-phone-alt\"><\/i>\t\t\t\t\t\t<\/span>\n\t\t\t\t\t\t\t\t\t\t<span class=\"elementor-icon-list-text\">32 724 85 83, 606 263 389<\/span>\n\t\t\t\t\t\t\t\t\t<\/li>\n\t\t\t\t\t\t\t\t<li class=\"elementor-icon-list-item\">\n\t\t\t\t\t\t\t\t\t\t\t<span class=\"elementor-icon-list-icon\">\n\t\t\t\t\t\t\t<i aria-hidden=\"true\" class=\"fas fa-envelope\"><\/i>\t\t\t\t\t\t<\/span>\n\t\t\t\t\t\t\t\t\t\t<span class=\"elementor-icon-list-text\">expert@expert-nieruchomosci.eu<\/span>\n\t\t\t\t\t\t\t\t\t<\/li>\n\t\t\t\t\t\t<\/ul>\n\t\t\t\t\t\t<\/div>\n\t\t\t\t<\/div>\n\t\t\t\t<\/div>\n\t\t\t\t\t<\/div>\n\t\t\t\t<\/div>\n\t\t<div class=\"elementor-element elementor-element-4e51f6c2 e-flex e-con-boxed wpr-particle-no wpr-jarallax-no wpr-parallax-no wpr-sticky-section-no e-con e-parent\" data-id=\"4e51f6c2\" data-element_type=\"container\" data-settings=\"{&quot;background_background&quot;:&quot;classic&quot;}\">\n\t\t\t\t\t<div class=\"e-con-inner\">\n\t\t\t\t<div class=\"elementor-element elementor-element-64751c0a elementor-widget elementor-widget-text-editor\" data-id=\"64751c0a\" data-element_type=\"widget\" data-widget_type=\"text-editor.default\">\n\t\t\t\t<div class=\"elementor-widget-container\">\n\t\t\t\t\t\t\t\t\t<p><a href=\"https:\/\/blareagency.com\/\" target=\"_blank\" rel=\"noopener\">Dumnie zaprojektowane przez Agencj\u0119 Mediow\u0105 Blare<\/a><\/p>\t\t\t\t\t\t\t\t<\/div>\n\t\t\t\t<\/div>\n\t\t\t\t\t<\/div>\n\t\t\t\t<\/div>\n\t\t\t\t<\/div>\n\t\t","protected":false},"excerpt":{"rendered":"<p>STRONA G\u0141\u00d3WNA O NAS ZARZ\u0104DZANIE NIERUCHOMO\u015aCIAMI ADMINISTRACJA NIERUCHOMO\u015aCI KONTAKT STRONA G\u0141\u00d3WNA O NAS ZARZ\u0104DZANIE NIERUCHOMO\u015aCIAMI ADMINISTRACJA NIERUCHOMO\u015aCI KONTAKT KONTAKT Zadzwo\u0144 lub napisz \u2013 dowiedz si\u0119 wi\u0119cej o administrowaniu budynkami Dane kontaktowe Adres: 44-200 Rybnik, ul. Zamkowa 6\/3 Numer tel.: 32 724 85 83, +48 606 263 389 Adres e-mail: expert@expert-nieruchomosci.eu Godziny pracy Poniedzia\u0142ek &#8211; pi\u0105tek: 9:00 &#8211; 16:30Sobota &#8211; niedziela: Zamkni\u0119te Dane firmy Expert Nieruchomo\u015bci Ma\u0142gorzata SobczakNIP: 6421740499REAGON: 241297105 Expert Nieruchomo\u015bci \u2013 profesjonalna administracja i zarz\u0105dzanie nieruchomo\u015bciami z pe\u0142nym wsparciem dla w\u0142a\u015bcicieli i najemc\u00f3w. NA SKR\u00d3TY O NAS Poczytaj o nas ZARZ\u0104DZANIE NIERUCHOMO\u015aCIAMI Zobacz jak zarz\u0105dzamy nieruchomo\u015bciami ADMINISTRACJA NIERUCHOMO\u015aCI Sprawd\u017a nasz\u0105 ofert\u0119 administracji KONTAKT Skontaktuj si\u0119 z nami KONTAKT Expert Nieruchomo\u015bci Ma\u0142gorzata Sobczak 44-200 Rybnik, ul. Zamkowa 6\/3 32 724 85 83, 606 263 389 expert@expert-nieruchomosci.eu Dumnie zaprojektowane przez Agencj\u0119 Mediow\u0105 Blare<\/p>\n","protected":false},"author":1,"featured_media":0,"parent":0,"menu_order":0,"comment_status":"closed","ping_status":"closed","template":"elementor_canvas","meta":{"footnotes":""},"class_list":["post-348","page","type-page","status-publish","hentry"],"_links":{"self":[{"href":"https:\/\/expert-nieruchomosci.eu\/index.php\/wp-json\/wp\/v2\/pages\/348","targetHints":{"allow":["GET"]}}],"collection":[{"href":"https:\/\/expert-nieruchomosci.eu\/index.php\/wp-json\/wp\/v2\/pages"}],"about":[{"href":"https:\/\/expert-nieruchomosci.eu\/index.php\/wp-json\/wp\/v2\/types\/page"}],"author":[{"embeddable":true,"href":"https:\/\/expert-nieruchomosci.eu\/index.php\/wp-json\/wp\/v2\/users\/1"}],"replies":[{"embeddable":true,"href":"https:\/\/expert-nieruchomosci.eu\/index.php\/wp-json\/wp\/v2\/comments?post=348"}],"version-history":[{"count":13,"href":"https:\/\/expert-nieruchomosci.eu\/index.php\/wp-json\/wp\/v2\/pages\/348\/revisions"}],"predecessor-version":[{"id":1927,"href":"https:\/\/expert-nieruchomosci.eu\/index.php\/wp-json\/wp\/v2\/pages\/348\/revisions\/1927"}],"wp:attachment":[{"href":"https:\/\/expert-nieruchomosci.eu\/index.php\/wp-json\/wp\/v2\/media?parent=348"}],"curies":[{"name":"wp","href":"https:\/\/api.w.org\/{rel}","templated":true}]}}