{"id":346,"date":"2025-12-18T14:57:45","date_gmt":"2025-12-18T13:57:45","guid":{"rendered":"https:\/\/expert-nieruchomosci.eu\/?page_id=346"},"modified":"2025-12-19T09:24:08","modified_gmt":"2025-12-19T08:24:08","slug":"administracja-nieruchomosci","status":"publish","type":"page","link":"https:\/\/expert-nieruchomosci.eu\/index.php\/administracja-nieruchomosci\/","title":{"rendered":"Administracja nieruchomo\u015bci"},"content":{"rendered":"\t\t<div data-elementor-type=\"wp-page\" data-elementor-id=\"346\" class=\"elementor elementor-346\">\n\t\t\t\t<div class=\"elementor-element elementor-element-7240b589 e-flex e-con-boxed wpr-particle-no wpr-jarallax-no wpr-parallax-no wpr-sticky-section-no e-con e-parent\" data-id=\"7240b589\" data-element_type=\"container\">\n\t\t\t\t\t<div class=\"e-con-inner\">\n\t\t\t\t<div class=\"elementor-element elementor-element-58b94a16 elementor-widget__width-initial elementor-widget elementor-widget-image\" data-id=\"58b94a16\" data-element_type=\"widget\" data-widget_type=\"image.default\">\n\t\t\t\t<div class=\"elementor-widget-container\">\n\t\t\t\t\t\t\t\t\t\t\t\t\t\t\t<img fetchpriority=\"high\" decoding=\"async\" width=\"800\" height=\"409\" src=\"https:\/\/expert-nieruchomosci.eu\/wp-content\/uploads\/2025\/12\/expert-logo-bez-tla.png\" class=\"attachment-large size-large wp-image-319\" alt=\"\" srcset=\"https:\/\/expert-nieruchomosci.eu\/wp-content\/uploads\/2025\/12\/expert-logo-bez-tla.png 1024w, https:\/\/expert-nieruchomosci.eu\/wp-content\/uploads\/2025\/12\/expert-logo-bez-tla-200x102.png 200w\" sizes=\"(max-width: 800px) 100vw, 800px\" \/>\t\t\t\t\t\t\t\t\t\t\t\t\t\t\t<\/div>\n\t\t\t\t<\/div>\n\t\t<div class=\"elementor-element elementor-element-6e827d08 e-con-full e-flex wpr-particle-no wpr-jarallax-no wpr-parallax-no wpr-sticky-section-no e-con e-child\" data-id=\"6e827d08\" data-element_type=\"container\">\n\t\t\t\t<div class=\"elementor-element elementor-element-922d4e6 wpr-main-menu-align--tabletright wpr-nav-menu-bp-tablet wpr-main-menu-align-left wpr-main-menu-align--mobileleft wpr-pointer-underline wpr-pointer-line-fx wpr-pointer-fx-fade wpr-sub-icon-caret-down wpr-sub-menu-fx-fade wpr-mobile-menu-full-width wpr-mobile-toggle-v1 wpr-sub-divider-yes wpr-mobile-divider-yes elementor-widget elementor-widget-wpr-nav-menu\" data-id=\"922d4e6\" data-element_type=\"widget\" data-settings=\"{&quot;menu_layout&quot;:&quot;horizontal&quot;}\" data-widget_type=\"wpr-nav-menu.default\">\n\t\t\t\t<div class=\"elementor-widget-container\">\n\t\t\t\t\t<nav class=\"wpr-nav-menu-container wpr-nav-menu-horizontal\" data-trigger=\"hover\" data-consider-header=\"\" data-scroll-speed=\"500\"><ul id=\"menu-1-922d4e6\" class=\"wpr-nav-menu\"><li class=\"menu-item menu-item-type-post_type menu-item-object-page menu-item-home menu-item-354\"><a href=\"https:\/\/expert-nieruchomosci.eu\/\" class=\"wpr-menu-item wpr-pointer-item\">STRONA G\u0141\u00d3WNA<\/a><\/li>\n<li class=\"menu-item menu-item-type-post_type menu-item-object-page menu-item-353\"><a href=\"https:\/\/expert-nieruchomosci.eu\/index.php\/o-nas\/\" class=\"wpr-menu-item wpr-pointer-item\">O NAS<\/a><\/li>\n<li class=\"menu-item menu-item-type-post_type menu-item-object-page menu-item-352\"><a href=\"https:\/\/expert-nieruchomosci.eu\/index.php\/zarzadzanie-nieruchomosciami\/\" class=\"wpr-menu-item wpr-pointer-item\">ZARZ\u0104DZANIE NIERUCHOMO\u015aCIAMI<\/a><\/li>\n<li class=\"menu-item menu-item-type-post_type menu-item-object-page menu-item-351\"><a href=\"https:\/\/expert-nieruchomosci.eu\/index.php\/administracja-nieruchomosci\/\" class=\"wpr-menu-item wpr-pointer-item\">ADMINISTRACJA NIERUCHOMO\u015aCI<\/a><\/li>\n<li class=\"menu-item menu-item-type-post_type menu-item-object-page menu-item-350\"><a href=\"https:\/\/expert-nieruchomosci.eu\/index.php\/kontakt\/\" class=\"wpr-menu-item wpr-pointer-item\">KONTAKT<\/a><\/li>\n<\/ul><\/nav><nav class=\"wpr-mobile-nav-menu-container\"><div class=\"wpr-mobile-toggle-wrap\"><div class=\"wpr-mobile-toggle\"><span class=\"wpr-mobile-toggle-line\"><\/span><span class=\"wpr-mobile-toggle-line\"><\/span><span class=\"wpr-mobile-toggle-line\"><\/span><\/div><\/div><ul id=\"mobile-menu-2-922d4e6\" class=\"wpr-mobile-nav-menu\"><li class=\"menu-item menu-item-type-post_type menu-item-object-page menu-item-home menu-item-354\"><a href=\"https:\/\/expert-nieruchomosci.eu\/\" class=\"wpr-mobile-menu-item\">STRONA G\u0141\u00d3WNA<\/a><\/li>\n<li class=\"menu-item menu-item-type-post_type menu-item-object-page menu-item-353\"><a href=\"https:\/\/expert-nieruchomosci.eu\/index.php\/o-nas\/\" class=\"wpr-mobile-menu-item\">O NAS<\/a><\/li>\n<li class=\"menu-item menu-item-type-post_type menu-item-object-page menu-item-352\"><a href=\"https:\/\/expert-nieruchomosci.eu\/index.php\/zarzadzanie-nieruchomosciami\/\" class=\"wpr-mobile-menu-item\">ZARZ\u0104DZANIE NIERUCHOMO\u015aCIAMI<\/a><\/li>\n<li class=\"menu-item menu-item-type-post_type menu-item-object-page menu-item-351\"><a href=\"https:\/\/expert-nieruchomosci.eu\/index.php\/administracja-nieruchomosci\/\" class=\"wpr-mobile-menu-item\">ADMINISTRACJA NIERUCHOMO\u015aCI<\/a><\/li>\n<li class=\"menu-item menu-item-type-post_type menu-item-object-page menu-item-350\"><a href=\"https:\/\/expert-nieruchomosci.eu\/index.php\/kontakt\/\" class=\"wpr-mobile-menu-item\">KONTAKT<\/a><\/li>\n<\/ul><\/nav>\t\t\t\t<\/div>\n\t\t\t\t<\/div>\n\t\t\t\t<\/div>\n\t\t\t\t\t<\/div>\n\t\t\t\t<\/div>\n\t\t<div class=\"elementor-element elementor-element-16b9194c e-flex e-con-boxed wpr-particle-no wpr-jarallax-no wpr-parallax-no wpr-sticky-section-no e-con e-parent\" data-id=\"16b9194c\" data-element_type=\"container\" data-settings=\"{&quot;background_background&quot;:&quot;classic&quot;}\">\n\t\t\t\t\t<div class=\"e-con-inner\">\n\t\t\t\t<div class=\"elementor-element elementor-element-2015e7ae elementor-widget elementor-widget-heading\" data-id=\"2015e7ae\" data-element_type=\"widget\" data-widget_type=\"heading.default\">\n\t\t\t\t<div class=\"elementor-widget-container\">\n\t\t\t\t\t<h1 class=\"elementor-heading-title elementor-size-default\">ADMINISTRACJA BUDYNK\u00d3W MIESZKALNYCH I KOMERCYJNYCH<\/h1>\t\t\t\t<\/div>\n\t\t\t\t<\/div>\n\t\t\t\t<div class=\"elementor-element elementor-element-3d1edd5d elementor-widget-divider--view-line elementor-widget elementor-widget-divider\" data-id=\"3d1edd5d\" data-element_type=\"widget\" data-widget_type=\"divider.default\">\n\t\t\t\t<div class=\"elementor-widget-container\">\n\t\t\t\t\t\t\t<div class=\"elementor-divider\">\n\t\t\t<span class=\"elementor-divider-separator\">\n\t\t\t\t\t\t<\/span>\n\t\t<\/div>\n\t\t\t\t\t\t<\/div>\n\t\t\t\t<\/div>\n\t\t\t\t\t<\/div>\n\t\t\t\t<\/div>\n\t\t<div class=\"elementor-element elementor-element-5a16095 e-grid e-con-boxed wpr-particle-no wpr-jarallax-no wpr-parallax-no wpr-sticky-section-no e-con e-parent\" data-id=\"5a16095\" data-element_type=\"container\">\n\t\t\t\t\t<div class=\"e-con-inner\">\n\t\t<div class=\"elementor-element elementor-element-7d83eb2f e-con-full e-flex wpr-particle-no wpr-jarallax-no wpr-parallax-no wpr-sticky-section-no e-con e-child\" data-id=\"7d83eb2f\" data-element_type=\"container\">\n\t\t\t\t<div class=\"elementor-element elementor-element-774cbefb elementor-widget elementor-widget-heading\" data-id=\"774cbefb\" data-element_type=\"widget\" data-widget_type=\"heading.default\">\n\t\t\t\t<div class=\"elementor-widget-container\">\n\t\t\t\t\t<h3 class=\"elementor-heading-title elementor-size-default\">Administrowanie nieruchomo\u015bci dla wsp\u00f3lnot i w\u0142a\u015bcicieli<\/h3>\t\t\t\t<\/div>\n\t\t\t\t<\/div>\n\t\t\t\t<div class=\"elementor-element elementor-element-214a4266 elementor-invisible elementor-widget elementor-widget-text-editor\" data-id=\"214a4266\" data-element_type=\"widget\" data-settings=\"{&quot;_animation&quot;:&quot;fadeIn&quot;}\" data-widget_type=\"text-editor.default\">\n\t\t\t\t<div class=\"elementor-widget-container\">\n\t\t\t\t\t\t\t\t\t<p data-start=\"318\" data-end=\"620\">Administracja budynk\u00f3w to kompleksowa opieka nad nieruchomo\u015bci\u0105 \u2014 zar\u00f3wno w zakresie codziennego funkcjonowania, jak i d\u0142ugofalowego utrzymania jej warto\u015bci. Naszym celem jest zapewnienie sprawnego dzia\u0142ania obiektu, bezpiecze\u0144stwa jego u\u017cytkownik\u00f3w oraz komfortu wszystkich mieszka\u0144c\u00f3w lub najemc\u00f3w.<\/p><p data-start=\"622\" data-end=\"1074\">Dbamy o to, aby ka\u017cda nieruchomo\u015b\u0107 pozostawa\u0142a w doskona\u0142ym stanie technicznym, a wszelkie bie\u017c\u0105ce sprawy by\u0142y realizowane sprawnie i terminowo. Administrator budynku odpowiada m.in. za usuwanie awarii, nadz\u00f3r nad dostawami medi\u00f3w, rozliczanie koszt\u00f3w eksploatacyjnych oraz utrzymywanie sta\u0142ego kontaktu z mieszka\u0144cami lub u\u017cytkownikami obiektu. Dzi\u0119ki temu wsp\u00f3lnoty i w\u0142a\u015bciciele mog\u0105 w pe\u0142ni skupi\u0107 si\u0119 na swoich celach, a my zajmujemy si\u0119 reszt\u0105.<\/p>\t\t\t\t\t\t\t\t<\/div>\n\t\t\t\t<\/div>\n\t\t\t\t<\/div>\n\t\t<div class=\"elementor-element elementor-element-838929c e-con-full e-flex wpr-particle-no wpr-jarallax-no wpr-parallax-no wpr-sticky-section-no e-con e-child\" data-id=\"838929c\" data-element_type=\"container\" data-settings=\"{&quot;background_background&quot;:&quot;classic&quot;}\">\n\t\t\t\t<\/div>\n\t\t\t\t\t<\/div>\n\t\t\t\t<\/div>\n\t\t<div class=\"elementor-element elementor-element-151b0308 e-grid e-con-boxed wpr-particle-no wpr-jarallax-no wpr-parallax-no wpr-sticky-section-no e-con e-parent\" data-id=\"151b0308\" data-element_type=\"container\">\n\t\t\t\t\t<div class=\"e-con-inner\">\n\t\t<div class=\"elementor-element elementor-element-1b7ec348 e-con-full e-flex wpr-particle-no wpr-jarallax-no wpr-parallax-no wpr-sticky-section-no e-con e-child\" data-id=\"1b7ec348\" data-element_type=\"container\" data-settings=\"{&quot;background_background&quot;:&quot;classic&quot;}\">\n\t\t\t\t<\/div>\n\t\t<div class=\"elementor-element elementor-element-4710b3bb e-con-full e-flex wpr-particle-no wpr-jarallax-no wpr-parallax-no wpr-sticky-section-no e-con e-child\" data-id=\"4710b3bb\" data-element_type=\"container\">\n\t\t\t\t<div class=\"elementor-element elementor-element-21423a47 elementor-widget elementor-widget-heading\" data-id=\"21423a47\" data-element_type=\"widget\" data-widget_type=\"heading.default\">\n\t\t\t\t<div class=\"elementor-widget-container\">\n\t\t\t\t\t<h3 class=\"elementor-heading-title elementor-size-default\">Kompleksowa obs\u0142uga budynk\u00f3w \u2013 od administracji po serwis technicznych<\/h3>\t\t\t\t<\/div>\n\t\t\t\t<\/div>\n\t\t\t\t<div class=\"elementor-element elementor-element-65adfe25 elementor-icon-list--layout-traditional elementor-list-item-link-full_width elementor-invisible elementor-widget elementor-widget-icon-list\" data-id=\"65adfe25\" data-element_type=\"widget\" data-settings=\"{&quot;_animation&quot;:&quot;fadeIn&quot;}\" data-widget_type=\"icon-list.default\">\n\t\t\t\t<div class=\"elementor-widget-container\">\n\t\t\t\t\t\t\t<ul class=\"elementor-icon-list-items\">\n\t\t\t\t\t\t\t<li class=\"elementor-icon-list-item\">\n\t\t\t\t\t\t\t\t\t\t\t<span class=\"elementor-icon-list-icon\">\n\t\t\t\t\t\t\t<i aria-hidden=\"true\" class=\"fas fa-circle\"><\/i>\t\t\t\t\t\t<\/span>\n\t\t\t\t\t\t\t\t\t\t<span class=\"elementor-icon-list-text\">Nadzorowanie stanu technicznego nieruchomo\u015bci,<\/span>\n\t\t\t\t\t\t\t\t\t<\/li>\n\t\t\t\t\t\t\t\t<li class=\"elementor-icon-list-item\">\n\t\t\t\t\t\t\t\t\t\t\t<span class=\"elementor-icon-list-icon\">\n\t\t\t\t\t\t\t<i aria-hidden=\"true\" class=\"fas fa-circle\"><\/i>\t\t\t\t\t\t<\/span>\n\t\t\t\t\t\t\t\t\t\t<span class=\"elementor-icon-list-text\">Koordynowanie okresowych przegl\u0105d\u00f3w i kontroli budynku,<\/span>\n\t\t\t\t\t\t\t\t\t<\/li>\n\t\t\t\t\t\t\t\t<li class=\"elementor-icon-list-item\">\n\t\t\t\t\t\t\t\t\t\t\t<span class=\"elementor-icon-list-icon\">\n\t\t\t\t\t\t\t<i aria-hidden=\"true\" class=\"fas fa-circle\"><\/i>\t\t\t\t\t\t<\/span>\n\t\t\t\t\t\t\t\t\t\t<span class=\"elementor-icon-list-text\">Prowadzenie dokumentacji, w tym ksi\u0105\u017cki obiektu budowlanego i ewidencji ksi\u0119gowej,<\/span>\n\t\t\t\t\t\t\t\t\t<\/li>\n\t\t\t\t\t\t\t\t<li class=\"elementor-icon-list-item\">\n\t\t\t\t\t\t\t\t\t\t\t<span class=\"elementor-icon-list-icon\">\n\t\t\t\t\t\t\t<i aria-hidden=\"true\" class=\"fas fa-circle\"><\/i>\t\t\t\t\t\t<\/span>\n\t\t\t\t\t\t\t\t\t\t<span class=\"elementor-icon-list-text\">Prowadzenie spisu lokator\u00f3w lub najemc\u00f3w,<\/span>\n\t\t\t\t\t\t\t\t\t<\/li>\n\t\t\t\t\t\t\t\t<li class=\"elementor-icon-list-item\">\n\t\t\t\t\t\t\t\t\t\t\t<span class=\"elementor-icon-list-icon\">\n\t\t\t\t\t\t\t<i aria-hidden=\"true\" class=\"fas fa-circle\"><\/i>\t\t\t\t\t\t<\/span>\n\t\t\t\t\t\t\t\t\t\t<span class=\"elementor-icon-list-text\">Nadz\u00f3r nad realizacj\u0105 inwestycji i remont\u00f3w w obr\u0119bie nieruchomo\u015bci,<\/span>\n\t\t\t\t\t\t\t\t\t<\/li>\n\t\t\t\t\t\t\t\t<li class=\"elementor-icon-list-item\">\n\t\t\t\t\t\t\t\t\t\t\t<span class=\"elementor-icon-list-icon\">\n\t\t\t\t\t\t\t<i aria-hidden=\"true\" class=\"fas fa-circle\"><\/i>\t\t\t\t\t\t<\/span>\n\t\t\t\t\t\t\t\t\t\t<span class=\"elementor-icon-list-text\">Zapewnienie ci\u0105g\u0142o\u015bci dostaw medi\u00f3w (woda, energia elektryczna, gaz).<\/span>\n\t\t\t\t\t\t\t\t\t<\/li>\n\t\t\t\t\t\t<\/ul>\n\t\t\t\t\t\t<\/div>\n\t\t\t\t<\/div>\n\t\t\t\t<\/div>\n\t\t\t\t\t<\/div>\n\t\t\t\t<\/div>\n\t\t<div class=\"elementor-element elementor-element-527cf5db e-flex e-con-boxed wpr-particle-no wpr-jarallax-no wpr-parallax-no wpr-sticky-section-no e-con e-parent\" data-id=\"527cf5db\" data-element_type=\"container\" data-settings=\"{&quot;background_background&quot;:&quot;classic&quot;}\">\n\t\t\t\t\t<div class=\"e-con-inner\">\n\t\t\t\t<div class=\"elementor-element elementor-element-79fc94e5 elementor-widget-mobile__width-initial elementor-widget-tablet__width-initial elementor-widget elementor-widget-heading\" data-id=\"79fc94e5\" data-element_type=\"widget\" data-widget_type=\"heading.default\">\n\t\t\t\t<div class=\"elementor-widget-container\">\n\t\t\t\t\t<h2 class=\"elementor-heading-title elementor-size-default\">Chcesz, by Twoja nieruchomo\u015b\u0107 by\u0142a w dobrych r\u0119kach?\nSkontaktuj si\u0119 z nami!<\/h2>\t\t\t\t<\/div>\n\t\t\t\t<\/div>\n\t\t\t\t<div class=\"elementor-element elementor-element-40d2d1bf elementor-align-center elementor-widget elementor-widget-button\" data-id=\"40d2d1bf\" data-element_type=\"widget\" data-widget_type=\"button.default\">\n\t\t\t\t<div class=\"elementor-widget-container\">\n\t\t\t\t\t\t\t\t\t<div class=\"elementor-button-wrapper\">\n\t\t\t\t\t<a class=\"elementor-button elementor-button-link elementor-size-sm\" href=\"https:\/\/expert-nieruchomosci.eu\/index.php\/kontakt\/\">\n\t\t\t\t\t\t<span class=\"elementor-button-content-wrapper\">\n\t\t\t\t\t\t\t\t\t<span class=\"elementor-button-text\">ZAPYTAJ O OFERT\u0118 ADMINISTRACJI <\/span>\n\t\t\t\t\t<\/span>\n\t\t\t\t\t<\/a>\n\t\t\t\t<\/div>\n\t\t\t\t\t\t\t\t<\/div>\n\t\t\t\t<\/div>\n\t\t\t\t\t<\/div>\n\t\t\t\t<\/div>\n\t\t<div class=\"elementor-element elementor-element-36795451 e-flex e-con-boxed wpr-particle-no wpr-jarallax-no wpr-parallax-no wpr-sticky-section-no e-con e-parent\" data-id=\"36795451\" data-element_type=\"container\" data-settings=\"{&quot;background_background&quot;:&quot;classic&quot;}\">\n\t\t\t\t\t<div class=\"e-con-inner\">\n\t\t<div class=\"elementor-element elementor-element-4449606 e-con-full e-flex wpr-particle-no wpr-jarallax-no wpr-parallax-no wpr-sticky-section-no e-con e-child\" data-id=\"4449606\" data-element_type=\"container\">\n\t\t\t\t<div class=\"elementor-element elementor-element-cbdfa94 elementor-widget__width-initial elementor-widget elementor-widget-image\" data-id=\"cbdfa94\" data-element_type=\"widget\" data-widget_type=\"image.default\">\n\t\t\t\t<div class=\"elementor-widget-container\">\n\t\t\t\t\t\t\t\t\t\t\t\t\t\t\t<img fetchpriority=\"high\" decoding=\"async\" width=\"800\" height=\"409\" src=\"https:\/\/expert-nieruchomosci.eu\/wp-content\/uploads\/2025\/12\/expert-logo-bez-tla.png\" class=\"attachment-large size-large wp-image-319\" alt=\"\" srcset=\"https:\/\/expert-nieruchomosci.eu\/wp-content\/uploads\/2025\/12\/expert-logo-bez-tla.png 1024w, https:\/\/expert-nieruchomosci.eu\/wp-content\/uploads\/2025\/12\/expert-logo-bez-tla-200x102.png 200w\" sizes=\"(max-width: 800px) 100vw, 800px\" \/>\t\t\t\t\t\t\t\t\t\t\t\t\t\t\t<\/div>\n\t\t\t\t<\/div>\n\t\t\t\t<div class=\"elementor-element elementor-element-3f55bad6 elementor-invisible elementor-widget elementor-widget-text-editor\" data-id=\"3f55bad6\" data-element_type=\"widget\" data-settings=\"{&quot;_animation&quot;:&quot;fadeIn&quot;}\" data-widget_type=\"text-editor.default\">\n\t\t\t\t<div class=\"elementor-widget-container\">\n\t\t\t\t\t\t\t\t\t<p>Expert Nieruchomo\u015bci \u2013 profesjonalna administracja i zarz\u0105dzanie nieruchomo\u015bciami z pe\u0142nym wsparciem dla w\u0142a\u015bcicieli i najemc\u00f3w.<\/p>\t\t\t\t\t\t\t\t<\/div>\n\t\t\t\t<\/div>\n\t\t\t\t<\/div>\n\t\t<div class=\"elementor-element elementor-element-68e103ad e-con-full e-flex wpr-particle-no wpr-jarallax-no wpr-parallax-no wpr-sticky-section-no e-con e-child\" data-id=\"68e103ad\" data-element_type=\"container\">\n\t\t\t\t<div class=\"elementor-element elementor-element-2dbff80f elementor-widget elementor-widget-heading\" data-id=\"2dbff80f\" data-element_type=\"widget\" data-widget_type=\"heading.default\">\n\t\t\t\t<div class=\"elementor-widget-container\">\n\t\t\t\t\t<h4 class=\"elementor-heading-title elementor-size-default\">NA SKR\u00d3TY<\/h4>\t\t\t\t<\/div>\n\t\t\t\t<\/div>\n\t\t\t\t<div class=\"elementor-element elementor-element-d55993d wpr-page-list-vertical wpr-pl-badge-center wpr-pl-icon-center elementor-widget elementor-widget-wpr-page-list\" data-id=\"d55993d\" data-element_type=\"widget\" data-widget_type=\"wpr-page-list.default\">\n\t\t\t\t<div class=\"elementor-widget-container\">\n\t\t\t\t\t<div class=\"wpr-page-list-wrap\"><ul class=\"wpr-page-list\"><li class=\"wpr-page-list-item elementor-repeater-item-87ba673 wpr-pointer-none wpr-pointer-line-fx wpr-pointer-fx-fade\"><div><a  href=\"https:\/\/expert-nieruchomosci.eu\/index.php\/o-nas\/\" target=\"_blank\" rel=\"nofollow\" class=\"wpr-no-pointer wpr-pl-title\">O NAS<\/a><p>Poczytaj o nas<\/p><\/div><\/li><li class=\"wpr-page-list-item elementor-repeater-item-6703213 wpr-pointer-none wpr-pointer-line-fx wpr-pointer-fx-fade\"><div><a  href=\"https:\/\/expert-nieruchomosci.eu\/index.php\/zarzadzanie-nieruchomosciami\/\" target=\"_blank\" rel=\"nofollow\" class=\"wpr-no-pointer wpr-pl-title\">ZARZ\u0104DZANIE NIERUCHOMO\u015aCIAMI<\/a><p>Zobacz jak zarz\u0105dzamy nieruchomo\u015bciami<\/p><\/div><\/li><li class=\"wpr-page-list-item elementor-repeater-item-78615a0 wpr-pointer-none wpr-pointer-line-fx wpr-pointer-fx-fade\"><div><a  href=\"https:\/\/expert-nieruchomosci.eu\/index.php\/administracja-nieruchomosci\/\" target=\"_blank\" rel=\"nofollow\" class=\"wpr-no-pointer wpr-pl-title\">ADMINISTRACJA NIERUCHOMO\u015aCI<\/a><p>Sprawd\u017a nasz\u0105 ofert\u0119 administracji<\/p><\/div><\/li><li class=\"wpr-page-list-item elementor-repeater-item-49ad909 wpr-pointer-none wpr-pointer-line-fx wpr-pointer-fx-fade\"><div><a  href=\"https:\/\/expert-nieruchomosci.eu\/index.php\/kontakt\/\" target=\"_blank\" rel=\"nofollow\" class=\"wpr-no-pointer wpr-pl-title\">KONTAKT<\/a><p>Skontaktuj si\u0119 z nami<\/p><\/div><\/li><\/ul><\/div>\t\t\t\t<\/div>\n\t\t\t\t<\/div>\n\t\t\t\t<\/div>\n\t\t<div class=\"elementor-element elementor-element-7611af49 e-con-full e-flex wpr-particle-no wpr-jarallax-no wpr-parallax-no wpr-sticky-section-no e-con e-child\" data-id=\"7611af49\" data-element_type=\"container\">\n\t\t\t\t<div class=\"elementor-element elementor-element-34e4d1a7 elementor-widget elementor-widget-heading\" data-id=\"34e4d1a7\" data-element_type=\"widget\" data-widget_type=\"heading.default\">\n\t\t\t\t<div class=\"elementor-widget-container\">\n\t\t\t\t\t<h4 class=\"elementor-heading-title elementor-size-default\">KONTAKT<\/h4>\t\t\t\t<\/div>\n\t\t\t\t<\/div>\n\t\t\t\t<div class=\"elementor-element elementor-element-2a555f32 elementor-icon-list--layout-traditional elementor-list-item-link-full_width elementor-widget elementor-widget-icon-list\" data-id=\"2a555f32\" data-element_type=\"widget\" data-widget_type=\"icon-list.default\">\n\t\t\t\t<div class=\"elementor-widget-container\">\n\t\t\t\t\t\t\t<ul class=\"elementor-icon-list-items\">\n\t\t\t\t\t\t\t<li class=\"elementor-icon-list-item\">\n\t\t\t\t\t\t\t\t\t\t\t<span class=\"elementor-icon-list-icon\">\n\t\t\t\t\t\t\t<i aria-hidden=\"true\" class=\"fas fa-building\"><\/i>\t\t\t\t\t\t<\/span>\n\t\t\t\t\t\t\t\t\t\t<span class=\"elementor-icon-list-text\">Expert Nieruchomo\u015bci Ma\u0142gorzata Sobczak<\/span>\n\t\t\t\t\t\t\t\t\t<\/li>\n\t\t\t\t\t\t\t\t<li class=\"elementor-icon-list-item\">\n\t\t\t\t\t\t\t\t\t\t\t<span class=\"elementor-icon-list-icon\">\n\t\t\t\t\t\t\t<i aria-hidden=\"true\" class=\"fas fa-map-pin\"><\/i>\t\t\t\t\t\t<\/span>\n\t\t\t\t\t\t\t\t\t\t<span class=\"elementor-icon-list-text\">44-200 Rybnik, ul. Zamkowa 6\/3<\/span>\n\t\t\t\t\t\t\t\t\t<\/li>\n\t\t\t\t\t\t\t\t<li class=\"elementor-icon-list-item\">\n\t\t\t\t\t\t\t\t\t\t\t<span class=\"elementor-icon-list-icon\">\n\t\t\t\t\t\t\t<i aria-hidden=\"true\" class=\"fas fa-phone-alt\"><\/i>\t\t\t\t\t\t<\/span>\n\t\t\t\t\t\t\t\t\t\t<span class=\"elementor-icon-list-text\">32 724 85 83, 606 263 389<\/span>\n\t\t\t\t\t\t\t\t\t<\/li>\n\t\t\t\t\t\t\t\t<li class=\"elementor-icon-list-item\">\n\t\t\t\t\t\t\t\t\t\t\t<span class=\"elementor-icon-list-icon\">\n\t\t\t\t\t\t\t<i aria-hidden=\"true\" class=\"fas fa-envelope\"><\/i>\t\t\t\t\t\t<\/span>\n\t\t\t\t\t\t\t\t\t\t<span class=\"elementor-icon-list-text\">expert@expert-nieruchomosci.eu<\/span>\n\t\t\t\t\t\t\t\t\t<\/li>\n\t\t\t\t\t\t<\/ul>\n\t\t\t\t\t\t<\/div>\n\t\t\t\t<\/div>\n\t\t\t\t<\/div>\n\t\t\t\t\t<\/div>\n\t\t\t\t<\/div>\n\t\t<div class=\"elementor-element elementor-element-63fa247a e-flex e-con-boxed wpr-particle-no wpr-jarallax-no wpr-parallax-no wpr-sticky-section-no e-con e-parent\" data-id=\"63fa247a\" data-element_type=\"container\" data-settings=\"{&quot;background_background&quot;:&quot;classic&quot;}\">\n\t\t\t\t\t<div class=\"e-con-inner\">\n\t\t\t\t<div class=\"elementor-element elementor-element-6adc44fa elementor-widget elementor-widget-text-editor\" data-id=\"6adc44fa\" data-element_type=\"widget\" data-widget_type=\"text-editor.default\">\n\t\t\t\t<div class=\"elementor-widget-container\">\n\t\t\t\t\t\t\t\t\t<p><a href=\"https:\/\/blareagency.com\/\" target=\"_blank\" rel=\"noopener\">Dumnie zaprojektowane przez Agencj\u0119 Mediow\u0105 Blare<\/a><\/p>\t\t\t\t\t\t\t\t<\/div>\n\t\t\t\t<\/div>\n\t\t\t\t\t<\/div>\n\t\t\t\t<\/div>\n\t\t\t\t<\/div>\n\t\t","protected":false},"excerpt":{"rendered":"<p>STRONA G\u0141\u00d3WNA O NAS ZARZ\u0104DZANIE NIERUCHOMO\u015aCIAMI ADMINISTRACJA NIERUCHOMO\u015aCI KONTAKT STRONA G\u0141\u00d3WNA O NAS ZARZ\u0104DZANIE NIERUCHOMO\u015aCIAMI ADMINISTRACJA NIERUCHOMO\u015aCI KONTAKT ADMINISTRACJA BUDYNK\u00d3W MIESZKALNYCH I KOMERCYJNYCH Administrowanie nieruchomo\u015bci dla wsp\u00f3lnot i w\u0142a\u015bcicieli Administracja budynk\u00f3w to kompleksowa opieka nad nieruchomo\u015bci\u0105 \u2014 zar\u00f3wno w zakresie codziennego funkcjonowania, jak i d\u0142ugofalowego utrzymania jej warto\u015bci. Naszym celem jest zapewnienie sprawnego dzia\u0142ania obiektu, bezpiecze\u0144stwa jego u\u017cytkownik\u00f3w oraz komfortu wszystkich mieszka\u0144c\u00f3w lub najemc\u00f3w. Dbamy o to, aby ka\u017cda nieruchomo\u015b\u0107 pozostawa\u0142a w doskona\u0142ym stanie technicznym, a wszelkie bie\u017c\u0105ce sprawy by\u0142y realizowane sprawnie i terminowo. Administrator budynku odpowiada m.in. za usuwanie awarii, nadz\u00f3r nad dostawami medi\u00f3w, rozliczanie koszt\u00f3w eksploatacyjnych oraz utrzymywanie sta\u0142ego kontaktu z mieszka\u0144cami lub u\u017cytkownikami obiektu. Dzi\u0119ki temu wsp\u00f3lnoty i w\u0142a\u015bciciele mog\u0105 w pe\u0142ni skupi\u0107 si\u0119 na swoich celach, a my zajmujemy si\u0119 reszt\u0105. Kompleksowa obs\u0142uga budynk\u00f3w \u2013 od administracji po serwis technicznych Nadzorowanie stanu technicznego nieruchomo\u015bci, Koordynowanie okresowych przegl\u0105d\u00f3w i kontroli budynku, Prowadzenie dokumentacji, w tym ksi\u0105\u017cki obiektu budowlanego i ewidencji ksi\u0119gowej, Prowadzenie spisu lokator\u00f3w lub najemc\u00f3w, Nadz\u00f3r nad realizacj\u0105 inwestycji i remont\u00f3w w obr\u0119bie nieruchomo\u015bci, Zapewnienie ci\u0105g\u0142o\u015bci dostaw medi\u00f3w (woda, energia elektryczna, gaz). Chcesz, by Twoja nieruchomo\u015b\u0107 by\u0142a w dobrych r\u0119kach? Skontaktuj si\u0119 z nami! ZAPYTAJ O OFERT\u0118 ADMINISTRACJI Expert Nieruchomo\u015bci \u2013 profesjonalna administracja i zarz\u0105dzanie nieruchomo\u015bciami z pe\u0142nym wsparciem dla w\u0142a\u015bcicieli i najemc\u00f3w. NA SKR\u00d3TY O NAS Poczytaj o nas ZARZ\u0104DZANIE NIERUCHOMO\u015aCIAMI Zobacz jak zarz\u0105dzamy nieruchomo\u015bciami ADMINISTRACJA NIERUCHOMO\u015aCI Sprawd\u017a nasz\u0105 ofert\u0119 administracji KONTAKT Skontaktuj si\u0119 z nami KONTAKT Expert Nieruchomo\u015bci Ma\u0142gorzata Sobczak 44-200 Rybnik, ul. Zamkowa 6\/3 32 724 85 83, 606 263 389 expert@expert-nieruchomosci.eu Dumnie zaprojektowane przez Agencj\u0119 Mediow\u0105 Blare<\/p>\n","protected":false},"author":1,"featured_media":0,"parent":0,"menu_order":0,"comment_status":"closed","ping_status":"closed","template":"elementor_canvas","meta":{"footnotes":""},"class_list":["post-346","page","type-page","status-publish","hentry"],"_links":{"self":[{"href":"https:\/\/expert-nieruchomosci.eu\/index.php\/wp-json\/wp\/v2\/pages\/346","targetHints":{"allow":["GET"]}}],"collection":[{"href":"https:\/\/expert-nieruchomosci.eu\/index.php\/wp-json\/wp\/v2\/pages"}],"about":[{"href":"https:\/\/expert-nieruchomosci.eu\/index.php\/wp-json\/wp\/v2\/types\/page"}],"author":[{"embeddable":true,"href":"https:\/\/expert-nieruchomosci.eu\/index.php\/wp-json\/wp\/v2\/users\/1"}],"replies":[{"embeddable":true,"href":"https:\/\/expert-nieruchomosci.eu\/index.php\/wp-json\/wp\/v2\/comments?post=346"}],"version-history":[{"count":13,"href":"https:\/\/expert-nieruchomosci.eu\/index.php\/wp-json\/wp\/v2\/pages\/346\/revisions"}],"predecessor-version":[{"id":1930,"href":"https:\/\/expert-nieruchomosci.eu\/index.php\/wp-json\/wp\/v2\/pages\/346\/revisions\/1930"}],"wp:attachment":[{"href":"https:\/\/expert-nieruchomosci.eu\/index.php\/wp-json\/wp\/v2\/media?parent=346"}],"curies":[{"name":"wp","href":"https:\/\/api.w.org\/{rel}","templated":true}]}}